{"id":465,"date":"2025-02-21T13:27:01","date_gmt":"2025-02-21T12:27:01","guid":{"rendered":"https:\/\/recart.pl\/?page_id=465"},"modified":"2026-03-25T10:32:28","modified_gmt":"2026-03-25T09:32:28","slug":"o-firmie","status":"publish","type":"page","link":"https:\/\/recart.pl\/en\/o-firmie\/","title":{"rendered":"About us"},"content":{"rendered":"<div data-elementor-type=\"wp-page\" data-elementor-id=\"465\" class=\"elementor elementor-465\">\n\t\t\t\t<div class=\"elementor-element elementor-element-163c504 animated-slow e-flex e-con-boxed elementor-invisible e-con e-parent\" data-id=\"163c504\" data-element_type=\"container\" data-settings=\"{&quot;background_background&quot;:&quot;classic&quot;,&quot;animation&quot;:&quot;fadeIn&quot;}\">\n\t\t\t\t\t<div class=\"e-con-inner\">\n\t\t\t\t<div class=\"elementor-element elementor-element-301cf43 elementor-invisible elementor-widget elementor-widget-heading\" data-id=\"301cf43\" data-element_type=\"widget\" data-settings=\"{&quot;_animation&quot;:&quot;fadeInRight&quot;,&quot;_animation_delay&quot;:800}\" data-widget_type=\"heading.default\">\n\t\t\t\t<div class=\"elementor-widget-container\">\n\t\t\t\t\t<h2 class=\"elementor-heading-title elementor-size-default\">About us<\/h2>\t\t\t\t<\/div>\n\t\t\t\t<\/div>\n\t\t\t\t\t<\/div>\n\t\t\t\t<\/div>\n\t\t<div class=\"elementor-element elementor-element-cfdca22 e-flex e-con-boxed e-con e-parent\" data-id=\"cfdca22\" data-element_type=\"container\">\n\t\t\t\t\t<div class=\"e-con-inner\">\n\t\t\t\t<div class=\"elementor-element elementor-element-3415858 elementor-widget-divider--view-line elementor-widget elementor-widget-divider\" data-id=\"3415858\" data-element_type=\"widget\" data-widget_type=\"divider.default\">\n\t\t\t\t<div class=\"elementor-widget-container\">\n\t\t\t\t\t\t\t<div class=\"elementor-divider\">\n\t\t\t<span class=\"elementor-divider-separator\">\n\t\t\t\t\t\t<\/span>\n\t\t<\/div>\n\t\t\t\t\t\t<\/div>\n\t\t\t\t<\/div>\n\t\t\t\t\t<\/div>\n\t\t\t\t<\/div>\n\t\t<div class=\"elementor-element elementor-element-4134e18 e-flex e-con-boxed e-con e-parent\" data-id=\"4134e18\" data-element_type=\"container\">\n\t\t\t\t\t<div class=\"e-con-inner\">\n\t\t\t\t<div class=\"elementor-element elementor-element-6497bef elementor-widget elementor-widget-text-editor\" data-id=\"6497bef\" data-element_type=\"widget\" data-widget_type=\"text-editor.default\">\n\t\t\t\t<div class=\"elementor-widget-container\">\n\t\t\t\t\t\t\t\t\t<p>Our priority is to achieve the best recording quality. A precise choice and configuration of microphones, high-end class equipment, a specialized qualification and practical knowledge in areas like sound spatiality, proportionality between instruments, balance, frequency characteristics, timbre or dynamics allow us to meet the requirements of the most demanding tasks. We manage each request individually, considering the aesthetics and the historical context of the material, the tone preferred by the client and the acoustics of the localization where the recordings are made.<\/p>\t\t\t\t\t\t\t\t<\/div>\n\t\t\t\t<\/div>\n\t\t\t\t\t<\/div>\n\t\t\t\t<\/div>\n\t\t<div class=\"elementor-element elementor-element-82769ec e-flex e-con-boxed e-con e-parent\" data-id=\"82769ec\" data-element_type=\"container\">\n\t\t\t\t\t<div class=\"e-con-inner\">\n\t\t\t\t<div class=\"elementor-element elementor-element-df8b661 animated-slow elementor-invisible elementor-widget elementor-widget-heading\" data-id=\"df8b661\" data-element_type=\"widget\" data-settings=\"{&quot;_animation&quot;:&quot;fadeIn&quot;}\" data-widget_type=\"heading.default\">\n\t\t\t\t<div class=\"elementor-widget-container\">\n\t\t\t\t\t<h2 class=\"elementor-heading-title elementor-size-default\">\u0141ukasz Kurzawski<\/h2>\t\t\t\t<\/div>\n\t\t\t\t<\/div>\n\t\t\t\t\t<\/div>\n\t\t\t\t<\/div>\n\t\t<div class=\"elementor-element elementor-element-1945516 e-flex e-con-boxed elementor-invisible e-con e-parent\" data-id=\"1945516\" data-element_type=\"container\" data-settings=\"{&quot;animation&quot;:&quot;fadeIn&quot;}\">\n\t\t\t\t\t<div class=\"e-con-inner\">\n\t\t<div class=\"elementor-element elementor-element-38335c9 e-con-full e-flex e-con e-child\" data-id=\"38335c9\" data-element_type=\"container\">\n\t\t\t\t<div class=\"elementor-element elementor-element-ed049aa elementor-widget elementor-widget-text-editor\" data-id=\"ed049aa\" data-element_type=\"widget\" data-widget_type=\"text-editor.default\">\n\t\t\t\t<div class=\"elementor-widget-container\">\n\t\t\t\t\t\t\t\t\t<p>Sound engineer, musician \u2013 graduate of the I.J. Paderewski Academy of Music in Pozna\u0144 in the cello class with a Master of Arts degree, sound engineering at the Faculty of Physics at Adam Mickiewicz University in Pozna\u0144 with a Bachelor's degree, and Acoustics at the same university with a Master's degree in acoustics. He is a graduate of artistic internship at the Faculty of Sound Engineering at the Fryderyk Chopin University of Music in Warsaw. Lecturer and PhD student at the Faculty of Composition, Music Theory and Sound Engineering at the Academy of Music in Bydgoszcz.<\/p><p>Since May 2004, he has been cooperating with Radio Pozna\u0144 (formerly Radio Merkury) as a sound engineer. As part of his work, he makes music recordings, radio plays, live radio broadcasts, produces commercials, jingles, and makes field recordings. He is the creator and host of the Poduszkowiec Radio Merkury broadcast and the Lubi\u0119 Jazz broadcast.<\/p>\t\t\t\t\t\t\t\t<\/div>\n\t\t\t\t<\/div>\n\t\t\t\t<\/div>\n\t\t<div class=\"elementor-element elementor-element-f43471a e-con-full e-flex e-con e-child\" data-id=\"f43471a\" data-element_type=\"container\">\n\t\t\t\t<div class=\"elementor-element elementor-element-58ed240 elementor-widget elementor-widget-image\" data-id=\"58ed240\" data-element_type=\"widget\" data-widget_type=\"image.default\">\n\t\t\t\t<div class=\"elementor-widget-container\">\n\t\t\t\t\t\t\t\t\t\t\t\t\t\t\t<img fetchpriority=\"high\" decoding=\"async\" width=\"800\" height=\"800\" src=\"https:\/\/recart.pl\/wp-content\/uploads\/2025\/03\/ja-mic.jpg\" class=\"attachment-large size-large wp-image-1160\" alt=\"\" srcset=\"https:\/\/recart.pl\/wp-content\/uploads\/2025\/03\/ja-mic.jpg 800w, https:\/\/recart.pl\/wp-content\/uploads\/2025\/03\/ja-mic-300x300.jpg 300w, https:\/\/recart.pl\/wp-content\/uploads\/2025\/03\/ja-mic-150x150.jpg 150w, https:\/\/recart.pl\/wp-content\/uploads\/2025\/03\/ja-mic-768x768.jpg 768w, https:\/\/recart.pl\/wp-content\/uploads\/2025\/03\/ja-mic-12x12.jpg 12w, https:\/\/recart.pl\/wp-content\/uploads\/2025\/03\/ja-mic-560x560.jpg 560w\" sizes=\"(max-width: 800px) 100vw, 800px\" \/>\t\t\t\t\t\t\t\t\t\t\t\t\t\t\t<\/div>\n\t\t\t\t<\/div>\n\t\t\t\t<\/div>\n\t\t\t\t\t<\/div>\n\t\t\t\t<\/div>\n\t\t<div class=\"elementor-element elementor-element-e432d51 e-flex e-con-boxed elementor-invisible e-con e-parent\" data-id=\"e432d51\" data-element_type=\"container\" data-settings=\"{&quot;animation&quot;:&quot;fadeIn&quot;}\">\n\t\t\t\t\t<div class=\"e-con-inner\">\n\t\t\t\t<div class=\"elementor-element elementor-element-d0408ab elementor-widget elementor-widget-text-editor\" data-id=\"d0408ab\" data-element_type=\"widget\" data-widget_type=\"text-editor.default\">\n\t\t\t\t<div class=\"elementor-widget-container\">\n\t\t\t\t\t\t\t\t\t<p>Z racji wykszta\u0142cenia i wieloletniej praktyki wykonawczej gry na wiolonczeli czuje si\u0119 najbardziej kompetentny w stylistyce muzyki klasycznej, ale realizuje r\u00f3wnie\u017c nagrania innych stylistyk. Dorobek nagraniowy \u0141ukasza Kurzawskiego to ponad setka sesyjnych i koncertowych nagra\u0144 wydanych na p\u0142ytach CD i DVD z muzyk\u0105 orkiestrow\u0105, ch\u00f3raln\u0105, kameraln\u0105, jazzem oraz muzyk\u0105 gospel. W\u015br\u00f3d nich znajduje\u00a0si\u0119 m. in.: sze\u015b\u0107\u00a0p\u0142yt\u00a0zespo\u0142u muzyki dawnej Accademia dell&#8217; Arcadia; pi\u0119tna\u015bcie\u00a0album\u00f3w\u00a0z festiwali Musica Sacromontana 2006-2020 w Gostyniu &#8211; p\u0142yta z pierwszego festiwalu zosta\u0142a wyr\u00f3\u017cniona nagrod\u0105 <strong>Fryderyk 2008<\/strong> w kategorii &#8222;Muzyka Ch\u00f3ralna i Oratoryjna&#8221;, p\u0142yty z kolejnych\u00a0 festiwali\u00a0by\u0142y nominowane do nagrody <strong>Fryderyk (2009<\/strong><strong>, 2010, 2014, 2015,\u00a02017, 2019, 2020, 2021)<\/strong>. Dodatkowo dwup\u0142ytowy album pt. &#8222;Pasquale Anfossi, Oratorio La Morte di San Filippo Neri&#8221; otrzyma\u0142 w 2015 roku presti\u017cow\u0105 francusk\u0105 nagrod\u0119 muzyczn\u0105 <strong>Z\u0142oty Orfeusz<\/strong> przyznawan\u0105 przez Academie du Disque Lyrique. Album wydawnictwa RecArt &#8222;Mieczys\u0142aw Weinberg &#8211; Works for Violin and Piano (RecArt 0006) zosta\u0142 nominowany do nagrody <strong>Fryderyk 2014 <\/strong>w kategorii muzyka kameralna. P\u0142yta z pie\u015bniami Eugeniusza Morawskiego (RecArt 0010) w wykonaniu Agnieszki Rehlis (mezzosopran) i Tadeusza Domanowskiego (fortepian) otrzyma\u0142a nominacj\u0119 do nagrody <strong>Fryderyk 2015 <\/strong>w kategorii &#8222;recital solowy&#8221;,\u00a0album zespo\u0142u Filatura di Musica \u201eCanzony znane i nieznane. Tabulatura pelpli\u0144ska. Adam Jarz\u0119bski\u201d (RecArt 0033) zosta\u0142\u00a0nominowany do nagrody <strong>Fryderyk 2021<\/strong> w kategorii \u201emuzyka dawna\u201d.\u00a0\u0141ukasz Kurzawski jest realizatorem d\u017awi\u0119ku albumu &#8222;Quo Vadis&#8221; z kompozycj\u0105 Feliksa Nowowiejskiego,\u00a0nagranego\u00a0przez\u00a0Orkiestr\u0119 Filharmonii Pozna\u0144skiej, solist\u00f3w i Ch\u00f3r Opery i Filharmonii Podlaskiej pod batut\u0105 \u0141ukasza\u00a0Borowicza, kt\u00f3ry by\u0142 nominowany w dw\u00f3ch kategoriach\u00a0do nagrody <strong>Fryderyk 2018<\/strong> oraz\u00a0znalaz\u0142 si\u0119 w\u015br\u00f3d zwyci\u0119zc\u00f3w<strong>\u00a0<\/strong><strong>International Classical Music Awards (ICMA)<\/strong><strong>\u00a02018 <\/strong>oraz re\u017cyserem d\u017awi\u0119ku albumu &#8222;Penderecki&#8217;s Sinfonietta(s)&#8221; (wydawnictwo Sony Classical) w wykonaniu orkiestry Sinfonietta Cracovia nominowanego do nagrody<strong> ICMA 2022. <\/strong>P\u0142yta &#8222;Sinfonietta per Sinfonietta&#8221; nagrana przez orkiestr\u0119 Sinfonietta Cracovia pod batut\u0105 Jurka Dyba\u0142a\u00a0(RecArt 0044) zosta\u0142a nominowana do\u00a0International Classical Music Awards 2023<strong>\u00a0<\/strong>w kategorii muzyki wsp\u00f3\u0142czesnej (Contemporary Music), a\u00a0p\u0142yta Magdaleny\u00a0Krawczuk i Katarzyny Wasiak z muzyk\u0105 Hansa Gala (RecArt 0045)\u00a0otrzyma\u0142a nominacj\u0119 do\u00a0<strong>ICMA 2023<\/strong><strong>\u00a0<\/strong>w kategorii muzyki kameralnej (Chamber Music). Album &#8222;Buxtehude: Membra Jesu Nostri&#8221; (RecArt 0065) w wykonaniu zespo\u0142u Arte Dei Suonatori i Bart\u0142omieja Stankowiaka by\u0142 nominowany do nagrody <strong>Fryderyk 2026<\/strong> w kategori &#8222;Album Roku Muzyka Oratoryjna i Operowa&#8221;.<\/p><p>He has collaborated with, among others: with such artists, ensembles and institutions as: Jerzy Maksymiuk, Tomasz Radziwonowicz, \u0141ukasz Borowicz, Agnieszka Duczmal, Anna Szostak, Jurek Dyba\u0142, Jacek Sykulski, Marcin Na\u0142\u0119cz-Niesio\u0142owski, Krzesimir D\u0119bski, Pawe\u0142 Przytocki, Pawe\u0142 Osuchowski, Sinfonia Varsovia, Sinfonia Viva, Sinfonietta Cracovia, Polish Radio Symphony Orchestra, Sinfonia Iuventus, Beethoven Academy Orchestra, Polish Radio Amadeus Orchestra, Pozna\u0144 Philharmonic, Gorz\u00f3w Philharmonic, Mazowsze Song and Dance Ensemble, Camerata Silesia Singers\u2019 Ensemble, Polish Chamber Choir, Pozna\u0144 Chamber Choir, Musical Theatre in Pozna\u0144, Musica Sacromontana festival, Errantia Musica festival, Consortium Sedinum, FAMD.pl Orchestra, Institute of Music and Dance, National Centre for Culture, Pi\u0105ta Esencja Foundation, Musica Patria, Coro da Camera choir, Sonantes choir, Era Jazzu, Porta Musicae Artistic Association, Academy of Music in Pozna\u0144, Academy of Music in Wroc\u0142aw, Academy of Music in \u0141\u00f3d\u017a, Academy of Music in Krak\u00f3w, Academy of Music in Bydgoszcz, Academy of Art in Szczecin, University of Zielona G\u00f3ra, numerous chamber ensembles and soloists.<\/p><p>He has collaborated with such institutions as: Polish Radio, Polish Television, Music Collection Agency, I.J. Paderewski Academy of Music in Pozna\u0144, Adam Mickiewicz University in Pozna\u0144, Regional Education Centre, J. Zeidler Association of \u015awi\u0119tog\u00f3rska Music Enthusiasts, Association of Culture and Art Enthusiasts, Ars&amp;Studium Association, Astigmatic Association, An_Arche Foundation, Silesia Sonans festival, Pozna\u0144 Choir School, European Centre for Communication and Culture<\/p><p>In the years 2009-2015 he was vice-president of the Artelier Foundation. He is a member of the Audio Engineering Society. In the years 2006-2009 he was a lecturer at the Regional Education Center in Pozna\u0144 in the field of sound engineering. In the years 2009-2015 he cooperated with the Adam Mickiewicz University in Pozna\u0144 as a lecturer in the field of sound engineering. He cooperated as an expert with the Institute of Educational Research in Warsaw on the creation of the Polish Qualifications Framework. Since 2022 he has been cooperating as a lecturer with the Department of Sound Engineering of the Feliks Nowowiejski Academy of Music in Bydgoszcz, where he is currently a doctoral student.<\/p>\t\t\t\t\t\t\t\t<\/div>\n\t\t\t\t<\/div>\n\t\t\t\t\t<\/div>\n\t\t\t\t<\/div>\n\t\t<div class=\"elementor-element elementor-element-1719cf0 e-flex e-con-boxed elementor-invisible e-con e-parent\" data-id=\"1719cf0\" data-element_type=\"container\" data-settings=\"{&quot;animation&quot;:&quot;fadeIn&quot;}\">\n\t\t\t\t\t<div class=\"e-con-inner\">\n\t\t\t\t<div class=\"elementor-element elementor-element-ffe1393 animated-slow elementor-invisible elementor-widget elementor-widget-heading\" data-id=\"ffe1393\" data-element_type=\"widget\" data-settings=\"{&quot;_animation&quot;:&quot;fadeIn&quot;}\" data-widget_type=\"heading.default\">\n\t\t\t\t<div class=\"elementor-widget-container\">\n\t\t\t\t\t<h2 class=\"elementor-heading-title elementor-size-default\">Equipment<\/h2>\t\t\t\t<\/div>\n\t\t\t\t<\/div>\n\t\t\t\t\t<\/div>\n\t\t\t\t<\/div>\n\t\t<div class=\"elementor-element elementor-element-5e95bbc e-flex e-con-boxed elementor-invisible e-con e-parent\" data-id=\"5e95bbc\" data-element_type=\"container\" data-settings=\"{&quot;animation&quot;:&quot;fadeIn&quot;}\">\n\t\t\t\t\t<div class=\"e-con-inner\">\n\t\t<div class=\"elementor-element elementor-element-1b72a3c e-con-full e-flex e-con e-child\" data-id=\"1b72a3c\" data-element_type=\"container\">\n\t\t\t\t<div class=\"elementor-element elementor-element-5a789fe elementor-widget elementor-widget-image\" data-id=\"5a789fe\" data-element_type=\"widget\" data-widget_type=\"image.default\">\n\t\t\t\t<div class=\"elementor-widget-container\">\n\t\t\t\t\t\t\t\t\t\t\t\t\t\t\t<img decoding=\"async\" width=\"1024\" height=\"683\" src=\"https:\/\/recart.pl\/wp-content\/uploads\/2025\/02\/pexels-cristian-rojas-7586662-1024x683.jpg\" class=\"attachment-large size-large wp-image-602\" alt=\"\" srcset=\"https:\/\/recart.pl\/wp-content\/uploads\/2025\/02\/pexels-cristian-rojas-7586662-1024x683.jpg 1024w, https:\/\/recart.pl\/wp-content\/uploads\/2025\/02\/pexels-cristian-rojas-7586662-300x200.jpg 300w, https:\/\/recart.pl\/wp-content\/uploads\/2025\/02\/pexels-cristian-rojas-7586662-768x512.jpg 768w, https:\/\/recart.pl\/wp-content\/uploads\/2025\/02\/pexels-cristian-rojas-7586662-1536x1024.jpg 1536w, https:\/\/recart.pl\/wp-content\/uploads\/2025\/02\/pexels-cristian-rojas-7586662-2048x1365.jpg 2048w, https:\/\/recart.pl\/wp-content\/uploads\/2025\/02\/pexels-cristian-rojas-7586662-18x12.jpg 18w\" sizes=\"(max-width: 1024px) 100vw, 1024px\" \/>\t\t\t\t\t\t\t\t\t\t\t\t\t\t\t<\/div>\n\t\t\t\t<\/div>\n\t\t\t\t<\/div>\n\t\t<div class=\"elementor-element elementor-element-9aa3d1b e-con-full e-flex e-con e-child\" data-id=\"9aa3d1b\" data-element_type=\"container\">\n\t\t\t\t<div class=\"elementor-element elementor-element-c215e60 elementor-widget elementor-widget-text-editor\" data-id=\"c215e60\" data-element_type=\"widget\" data-widget_type=\"text-editor.default\">\n\t\t\t\t<div class=\"elementor-widget-container\">\n\t\t\t\t\t\t\t\t\t<h4><strong>Rejestracja<\/strong><\/h4>\n<ul>\n<li>Komputery przeno\u015bne<\/li>\n<\/ul>\n<h5><strong>INTEFEJSY AUDIO\/PRZETWORNIKI AD\/DA<\/strong><\/h5>\n<ul>\n<li>SSL 18 2 szt.<\/li><li>Zoom LiveTrak L-20<\/li>\n<li>M-Audio Profire 2626 4 szt.<\/li>\n<li>Focusrite Scarlett 18i20 3rd Gen 2 szt.<\/li>\n<li>RME Digiface USB 2 szt.<\/li>\n<li>BEHRINGER ADA8200 3 szt.<\/li>\n<\/ul>\t\t\t\t\t\t\t\t<\/div>\n\t\t\t\t<\/div>\n\t\t\t\t<\/div>\n\t\t\t\t\t<\/div>\n\t\t\t\t<\/div>\n\t\t<div class=\"elementor-element elementor-element-be6bb8b e-flex e-con-boxed elementor-invisible e-con e-parent\" data-id=\"be6bb8b\" data-element_type=\"container\" data-settings=\"{&quot;animation&quot;:&quot;fadeIn&quot;}\">\n\t\t\t\t\t<div class=\"e-con-inner\">\n\t\t<div class=\"elementor-element elementor-element-5cda1ad e-con-full e-flex e-con e-child\" data-id=\"5cda1ad\" data-element_type=\"container\">\n\t\t\t\t<div class=\"elementor-element elementor-element-8a3c7eb elementor-widget elementor-widget-text-editor\" data-id=\"8a3c7eb\" data-element_type=\"widget\" data-widget_type=\"text-editor.default\">\n\t\t\t\t<div class=\"elementor-widget-container\">\n\t\t\t\t\t\t\t\t\t<h4><strong>Mikrofony<\/strong><\/h4><ul><li>Schoeps MK2S 2 szt.<\/li><li>Schoeps MK21 2 szt.<\/li><li>Austrian Audio OC818 Stereo Pair<\/li><li><p>sE Electronics 4400a Stereo Pair<\/p><\/li><li>Line Audio CM3 6 szt.<\/li><li>Line AUdio CM4 4 szt.<\/li><li>Line Audio OM1 2 szt.<\/li><li>Rode NT55 2 szt.<\/li><li>Rode NT5 6 szt.<\/li><li>Rode NT2A 2 szt.<\/li><li>Rode M3<\/li><li>sE Electronic 4A 2 szt.<\/li><li>sE Electronic 3A 2 szt.<\/li><li>sE Electronic 1A 2 szt.<\/li><li>sE Electronic X1<\/li><li>Shure SM7<\/li><\/ul>\t\t\t\t\t\t\t\t<\/div>\n\t\t\t\t<\/div>\n\t\t\t\t<\/div>\n\t\t\t\t<div class=\"elementor-element elementor-element-3084f9c elementor-widget elementor-widget-text-editor\" data-id=\"3084f9c\" data-element_type=\"widget\" data-widget_type=\"text-editor.default\">\n\t\t\t\t<div class=\"elementor-widget-container\">\n\t\t\t\t\t\t\t\t\t<h4><strong>Ods\u0142uch<\/strong><\/h4><ul><li>Adam Audio A7<\/li><li><div>Neumann KH 120 A<\/div><\/li><li><div>Beyerdynamic DT990 PRO<\/div><\/li><li><div>Beyerdynamic DT770 PRO\u00a0<\/div><\/li><li><div>Alesis M1 Active 320<\/div><\/li><li><div>Audio Technica ATH-M40FS<\/div><\/li><\/ul><h4><strong>Oprogramowanie<\/strong><\/h4><ul><li>Samplitude 2025 Suite<\/li><li>Pro Tools 8 LE<\/li><li>Waves Gold Native V9<\/li><li>Izotope Ozone 5<\/li><li>Izotope RX5<\/li><li>PSP Xenon<\/li><li>Ableton Live Lite 6<\/li><li>FL Studio 8 Fruity Edition<\/li><li>Vegas Movie Studio HD Platinum 10<\/li><\/ul>\t\t\t\t\t\t\t\t<\/div>\n\t\t\t\t<\/div>\n\t\t\t\t\t<\/div>\n\t\t\t\t<\/div>\n\t\t\t\t<\/div>","protected":false},"excerpt":{"rendered":"<p>O firmie Naszym priorytetem jest uzyskanie jak najlepszego brzmienia nagra\u0144. Precyzyjny wyb\u00f3r i ustawienie mikrofon\u00f3w, wysokiej klasy sprz\u0119t, wykszta\u0142cenie oraz [&hellip;]<\/p>","protected":false},"author":1,"featured_media":0,"parent":0,"menu_order":0,"comment_status":"closed","ping_status":"closed","template":"","meta":{"site-sidebar-layout":"no-sidebar","site-content-layout":"","ast-site-content-layout":"full-width-container","site-content-style":"default","site-sidebar-style":"default","ast-global-header-display":"","ast-banner-title-visibility":"","ast-main-header-display":"","ast-hfb-above-header-display":"","ast-hfb-below-header-display":"","ast-hfb-mobile-header-display":"","site-post-title":"disabled","ast-breadcrumbs-content":"","ast-featured-img":"disabled","footer-sml-layout":"","theme-transparent-header-meta":"disabled","adv-header-id-meta":"","stick-header-meta":"","header-above-stick-meta":"","header-main-stick-meta":"","header-below-stick-meta":"","astra-migrate-meta-layouts":"set","ast-page-background-enabled":"default","ast-page-background-meta":{"desktop":{"background-color":"var(--ast-global-color-5)","background-image":"","background-repeat":"repeat","background-position":"center center","background-size":"auto","background-attachment":"scroll","background-type":"","background-media":"","overlay-type":"","overlay-color":"","overlay-opacity":"","overlay-gradient":""},"tablet":{"background-color":"","background-image":"","background-repeat":"repeat","background-position":"center center","background-size":"auto","background-attachment":"scroll","background-type":"","background-media":"","overlay-type":"","overlay-color":"","overlay-opacity":"","overlay-gradient":""},"mobile":{"background-color":"","background-image":"","background-repeat":"repeat","background-position":"center center","background-size":"auto","background-attachment":"scroll","background-type":"","background-media":"","overlay-type":"","overlay-color":"","overlay-opacity":"","overlay-gradient":""}},"ast-content-background-meta":{"desktop":{"background-color":"var(--ast-global-color-4)","background-image":"","background-repeat":"repeat","background-position":"center center","background-size":"auto","background-attachment":"scroll","background-type":"","background-media":"","overlay-type":"","overlay-color":"","overlay-opacity":"","overlay-gradient":""},"tablet":{"background-color":"var(--ast-global-color-4)","background-image":"","background-repeat":"repeat","background-position":"center center","background-size":"auto","background-attachment":"scroll","background-type":"","background-media":"","overlay-type":"","overlay-color":"","overlay-opacity":"","overlay-gradient":""},"mobile":{"background-color":"var(--ast-global-color-4)","background-image":"","background-repeat":"repeat","background-position":"center center","background-size":"auto","background-attachment":"scroll","background-type":"","background-media":"","overlay-type":"","overlay-color":"","overlay-opacity":"","overlay-gradient":""}},"footnotes":""},"class_list":["post-465","page","type-page","status-publish","hentry"],"_links":{"self":[{"href":"https:\/\/recart.pl\/en\/wp-json\/wp\/v2\/pages\/465","targetHints":{"allow":["GET"]}}],"collection":[{"href":"https:\/\/recart.pl\/en\/wp-json\/wp\/v2\/pages"}],"about":[{"href":"https:\/\/recart.pl\/en\/wp-json\/wp\/v2\/types\/page"}],"author":[{"embeddable":true,"href":"https:\/\/recart.pl\/en\/wp-json\/wp\/v2\/users\/1"}],"replies":[{"embeddable":true,"href":"https:\/\/recart.pl\/en\/wp-json\/wp\/v2\/comments?post=465"}],"version-history":[{"count":67,"href":"https:\/\/recart.pl\/en\/wp-json\/wp\/v2\/pages\/465\/revisions"}],"predecessor-version":[{"id":3602,"href":"https:\/\/recart.pl\/en\/wp-json\/wp\/v2\/pages\/465\/revisions\/3602"}],"wp:attachment":[{"href":"https:\/\/recart.pl\/en\/wp-json\/wp\/v2\/media?parent=465"}],"curies":[{"name":"wp","href":"https:\/\/api.w.org\/{rel}","templated":true}]}}