{"id":463,"date":"2025-02-21T13:26:48","date_gmt":"2025-02-21T12:26:48","guid":{"rendered":"https:\/\/recart.pl\/?page_id=463"},"modified":"2025-02-21T17:24:32","modified_gmt":"2025-02-21T16:24:32","slug":"oferta","status":"publish","type":"page","link":"https:\/\/recart.pl\/en\/oferta\/","title":{"rendered":"Our Offer"},"content":{"rendered":"<div data-elementor-type=\"wp-page\" data-elementor-id=\"463\" class=\"elementor elementor-463\">\n\t\t\t\t<div class=\"elementor-element elementor-element-1adc919 animated-slow e-flex e-con-boxed elementor-invisible e-con e-parent\" data-id=\"1adc919\" data-element_type=\"container\" data-settings=\"{&quot;background_background&quot;:&quot;classic&quot;,&quot;animation&quot;:&quot;fadeIn&quot;}\">\n\t\t\t\t\t<div class=\"e-con-inner\">\n\t\t\t\t<div class=\"elementor-element elementor-element-fbd001c elementor-invisible elementor-widget elementor-widget-heading\" data-id=\"fbd001c\" data-element_type=\"widget\" data-settings=\"{&quot;_animation&quot;:&quot;fadeInRight&quot;,&quot;_animation_delay&quot;:800}\" data-widget_type=\"heading.default\">\n\t\t\t\t<div class=\"elementor-widget-container\">\n\t\t\t\t\t<h2 class=\"elementor-heading-title elementor-size-default\">Our Offer<\/h2>\t\t\t\t<\/div>\n\t\t\t\t<\/div>\n\t\t\t\t\t<\/div>\n\t\t\t\t<\/div>\n\t\t<div class=\"elementor-element elementor-element-14b7711 e-flex e-con-boxed e-con e-parent\" data-id=\"14b7711\" data-element_type=\"container\">\n\t\t\t\t\t<div class=\"e-con-inner\">\n\t\t\t\t<div class=\"elementor-element elementor-element-86934c1 elementor-widget-divider--view-line elementor-widget elementor-widget-divider\" data-id=\"86934c1\" data-element_type=\"widget\" data-widget_type=\"divider.default\">\n\t\t\t\t<div class=\"elementor-widget-container\">\n\t\t\t\t\t\t\t<div class=\"elementor-divider\">\n\t\t\t<span class=\"elementor-divider-separator\">\n\t\t\t\t\t\t<\/span>\n\t\t<\/div>\n\t\t\t\t\t\t<\/div>\n\t\t\t\t<\/div>\n\t\t\t\t\t<\/div>\n\t\t\t\t<\/div>\n\t\t<div class=\"elementor-element elementor-element-212c39b e-flex e-con-boxed elementor-invisible e-con e-parent\" data-id=\"212c39b\" data-element_type=\"container\" data-settings=\"{&quot;animation&quot;:&quot;fadeIn&quot;}\">\n\t\t\t\t\t<div class=\"e-con-inner\">\n\t\t\t\t<div class=\"elementor-element elementor-element-0d671bf elementor-widget elementor-widget-text-editor\" data-id=\"0d671bf\" data-element_type=\"widget\" data-widget_type=\"text-editor.default\">\n\t\t\t\t<div class=\"elementor-widget-container\">\n\t\t\t\t\t\t\t\t\t<div class=\"dark-section\"><section class=\"subpage-container\"><div class=\"content\"><p><strong>Music recordings:<\/strong><\/p><ul><li>recordings of soloists and chamber ensembles<\/li><li>recordings of choirs and orchestras<\/li><li>multi-track session and live recordings in any location<\/li><li class=\"translation-block\"><em>live<\/em> recordings of concerts, festivals, broadcasts and all kinds of musical events<\/li>competitions, auditions, diploma recitals<li>demo recordings<\/li><li>application records for competitions and scholarships<\/li><\/ul><br \/><strong>Radio, film and television production:<\/strong><ul><li>production of radio spots, jingles, radio broadcasts<\/li><li>sound recordings for film and television: from the set and post-production<\/li><li>production of audio-video documentation of festivals, concerts, competitions and all kinds of musical events<\/li><li>production of video clips, film spots \u2013 promoting artists, music bands and cultural events<\/li><\/ul><br \/><strong>Music production:<\/strong><ul><li>production of classical and jazz recordings<\/li><li>selection of the best versions from the recording sessions and their editing<\/li><\/ul><br \/><strong>Sound Direction:<\/strong><ul><li>digital sound editing<\/li><li>mixing recordings<\/li><li>recording mastering<\/li><li>mastering for vinyl<\/li><li>restoration of archival recordings, remastering<\/li><\/ul><br \/><strong>Publishing activities:<\/strong><ul><li>We handle the entire process of releasing a record: pressing, printing, contact with ZAIKS, etc. Prices are calculated individually depending on the circulation, type of packaging, etc.<\/li><\/ul><\/div><\/section><\/div>\t\t\t\t\t\t\t\t<\/div>\n\t\t\t\t<\/div>\n\t\t\t\t\t<\/div>\n\t\t\t\t<\/div>\n\t\t\t\t<\/div>","protected":false},"excerpt":{"rendered":"<p>Oferta Nagrania muzyczne: nagrania solist\u00f3w i zespo\u0142\u00f3w kameralnych nagrania ch\u00f3r\u00f3w i orkiestr nagrania wielo\u015bladowe sesyjne i live w dowolnej lokalizacji [&hellip;]<\/p>","protected":false},"author":1,"featured_media":0,"parent":0,"menu_order":0,"comment_status":"closed","ping_status":"closed","template":"","meta":{"site-sidebar-layout":"no-sidebar","site-content-layout":"","ast-site-content-layout":"full-width-container","site-content-style":"default","site-sidebar-style":"default","ast-global-header-display":"","ast-banner-title-visibility":"","ast-main-header-display":"","ast-hfb-above-header-display":"","ast-hfb-below-header-display":"","ast-hfb-mobile-header-display":"","site-post-title":"disabled","ast-breadcrumbs-content":"","ast-featured-img":"disabled","footer-sml-layout":"","theme-transparent-header-meta":"disabled","adv-header-id-meta":"","stick-header-meta":"","header-above-stick-meta":"","header-main-stick-meta":"","header-below-stick-meta":"","astra-migrate-meta-layouts":"set","ast-page-background-enabled":"default","ast-page-background-meta":{"desktop":{"background-color":"var(--ast-global-color-5)","background-image":"","background-repeat":"repeat","background-position":"center center","background-size":"auto","background-attachment":"scroll","background-type":"","background-media":"","overlay-type":"","overlay-color":"","overlay-opacity":"","overlay-gradient":""},"tablet":{"background-color":"","background-image":"","background-repeat":"repeat","background-position":"center center","background-size":"auto","background-attachment":"scroll","background-type":"","background-media":"","overlay-type":"","overlay-color":"","overlay-opacity":"","overlay-gradient":""},"mobile":{"background-color":"","background-image":"","background-repeat":"repeat","background-position":"center center","background-size":"auto","background-attachment":"scroll","background-type":"","background-media":"","overlay-type":"","overlay-color":"","overlay-opacity":"","overlay-gradient":""}},"ast-content-background-meta":{"desktop":{"background-color":"var(--ast-global-color-4)","background-image":"","background-repeat":"repeat","background-position":"center center","background-size":"auto","background-attachment":"scroll","background-type":"","background-media":"","overlay-type":"","overlay-color":"","overlay-opacity":"","overlay-gradient":""},"tablet":{"background-color":"var(--ast-global-color-4)","background-image":"","background-repeat":"repeat","background-position":"center center","background-size":"auto","background-attachment":"scroll","background-type":"","background-media":"","overlay-type":"","overlay-color":"","overlay-opacity":"","overlay-gradient":""},"mobile":{"background-color":"var(--ast-global-color-4)","background-image":"","background-repeat":"repeat","background-position":"center center","background-size":"auto","background-attachment":"scroll","background-type":"","background-media":"","overlay-type":"","overlay-color":"","overlay-opacity":"","overlay-gradient":""}},"footnotes":""},"class_list":["post-463","page","type-page","status-publish","hentry"],"_links":{"self":[{"href":"https:\/\/recart.pl\/en\/wp-json\/wp\/v2\/pages\/463","targetHints":{"allow":["GET"]}}],"collection":[{"href":"https:\/\/recart.pl\/en\/wp-json\/wp\/v2\/pages"}],"about":[{"href":"https:\/\/recart.pl\/en\/wp-json\/wp\/v2\/types\/page"}],"author":[{"embeddable":true,"href":"https:\/\/recart.pl\/en\/wp-json\/wp\/v2\/users\/1"}],"replies":[{"embeddable":true,"href":"https:\/\/recart.pl\/en\/wp-json\/wp\/v2\/comments?post=463"}],"version-history":[{"count":19,"href":"https:\/\/recart.pl\/en\/wp-json\/wp\/v2\/pages\/463\/revisions"}],"predecessor-version":[{"id":739,"href":"https:\/\/recart.pl\/en\/wp-json\/wp\/v2\/pages\/463\/revisions\/739"}],"wp:attachment":[{"href":"https:\/\/recart.pl\/en\/wp-json\/wp\/v2\/media?parent=463"}],"curies":[{"name":"wp","href":"https:\/\/api.w.org\/{rel}","templated":true}]}}